{"id":33,"date":"2021-03-13T09:24:20","date_gmt":"2021-03-13T08:24:20","guid":{"rendered":"http:\/\/www.brown.cz\/?page_id=33"},"modified":"2025-10-07T10:42:02","modified_gmt":"2025-10-07T08:42:02","slug":"internet","status":"publish","type":"page","link":"http:\/\/www.brown.cz\/index.php\/internet\/","title":{"rendered":"Internet"},"content":{"rendered":"\n<h2 class=\"wp-block-heading\">Dokumenty ke sta\u017een\u00ed v PDF<\/h2>\n\n\n\n<p><a href=\"http:\/\/www.brown.cz\/pdf\/Cenik slu\u017eeb 2021.pdf\" target=\"_blank\" rel=\"noreferrer noopener\">Cenik slu\u017eeb 2021<\/a><\/p>\n\n\n\n<p><a href=\"http:\/\/www.brown.cz\/pdf\/Popis rozhran\u00ed ve\u0159ejn\u00e9 komunika\u010dn\u00ed s\u00edt\u011b.pdf\" target=\"_blank\" rel=\"noreferrer noopener\">Popis rozhran\u00ed ve\u0159ejn\u00e9 komunika\u010dn\u00ed s\u00edt\u011b<\/a><\/p>\n\n\n\n<p><a href=\"http:\/\/www.brown.cz\/pdf\/Smlouva na poskytov\u00e1n\u00ed slu\u017eeb 2025.pdf\" target=\"_blank\" rel=\"noreferrer noopener\">Smlouva na poskytov\u00e1n\u00ed slu\u017eeb 2025<\/a><\/p>\n\n\n\n<p><a href=\"http:\/\/www.brown.cz\/pdf\/Technicka specifikace sluzeb od 1.1.2021.pdf\" target=\"_blank\" rel=\"noreferrer noopener\">Technicka specifikace sluzeb od 1.1.2021<\/a><\/p>\n\n\n\n<p><a href=\"http:\/\/www.brown.cz\/pdf\/V\u0161eobecn\u00e9_obchodn\u00ed_podm\u00ednky_od_1_3_2025.pdf\" target=\"_blank\" rel=\"noreferrer noopener\">V\u0161eobecn\u00e9 obchodn\u00ed podm\u00ednky od 1.3.2025<\/a><\/p>\n\n\n\n<p class=\"has-vivid-cyan-blue-color has-text-color has-link-color wp-elements-929afd01318a9a64b975baee053c204a\"><a href=\"http:\/\/www.brown.cz\/pdf\/Shrnuti_smlouvy_1_1_2025.pdf\" target=\"_blank\" rel=\"noreferrer noopener\">Shrnut\u00ed smlouvy 2025<\/a><\/p>\n","protected":false},"excerpt":{"rendered":"<p>Dokumenty ke sta\u017een\u00ed v PDF Cenik slu\u017eeb 2021 Popis rozhran\u00ed ve\u0159ejn\u00e9 komunika\u010dn\u00ed s\u00edt\u011b Smlouva na poskytov\u00e1n\u00ed slu\u017eeb 2025 Technicka specifikace sluzeb od 1.1.2021 V\u0161eobecn\u00e9 obchodn\u00ed podm\u00ednky od 1.3.2025 Shrnut\u00ed smlouvy 2025<\/p>\n","protected":false},"author":1,"featured_media":0,"parent":0,"menu_order":0,"comment_status":"closed","ping_status":"closed","template":"","meta":{"footnotes":""},"_links":{"self":[{"href":"http:\/\/www.brown.cz\/index.php\/wp-json\/wp\/v2\/pages\/33"}],"collection":[{"href":"http:\/\/www.brown.cz\/index.php\/wp-json\/wp\/v2\/pages"}],"about":[{"href":"http:\/\/www.brown.cz\/index.php\/wp-json\/wp\/v2\/types\/page"}],"author":[{"embeddable":true,"href":"http:\/\/www.brown.cz\/index.php\/wp-json\/wp\/v2\/users\/1"}],"replies":[{"embeddable":true,"href":"http:\/\/www.brown.cz\/index.php\/wp-json\/wp\/v2\/comments?post=33"}],"version-history":[{"count":9,"href":"http:\/\/www.brown.cz\/index.php\/wp-json\/wp\/v2\/pages\/33\/revisions"}],"predecessor-version":[{"id":46,"href":"http:\/\/www.brown.cz\/index.php\/wp-json\/wp\/v2\/pages\/33\/revisions\/46"}],"wp:attachment":[{"href":"http:\/\/www.brown.cz\/index.php\/wp-json\/wp\/v2\/media?parent=33"}],"curies":[{"name":"wp","href":"https:\/\/api.w.org\/{rel}","templated":true}]}}